{"id":3560,"date":"2024-11-21T09:22:22","date_gmt":"2024-11-21T09:22:22","guid":{"rendered":"https:\/\/truebond.co\/zwroty\/"},"modified":"2025-09-17T09:28:00","modified_gmt":"2025-09-17T09:28:00","slug":"zwroty","status":"publish","type":"page","link":"https:\/\/truebond.co\/en\/zwroty\/","title":{"rendered":"Returns and complaints"},"content":{"rendered":"\n<p><strong>Did you not like the products you ordered?  <\/strong><br\/><strong>No problem, in our store you have 14 to cancel the contract.<\/strong><\/p>\n\n<h2 class=\"wp-block-heading\"><strong>How to make a return in a few, simple steps?<\/strong><\/h2>\n\n<ol class=\"wp-block-list\">\n<li>You have 14 days to notify us of your withdrawal from the contract, that is, your desire to return the purchased products.  <\/li>\n<\/ol>\n\n<ol start=\"2\" class=\"wp-block-list\">\n<li>You can send information about your wish to return the purchased products to us in any way you choose, such as:<\/li>\n<\/ol>\n\n<ol class=\"wp-block-list\">\n<li>In writing to the address: TrueBond Sp. z o.o., 73B Chorzowska St., 40-101 Katowice;    <\/li>\n\n\n\n<li>in electronic form to: bok@truebond.co;<\/li>\n\n\n\n<li>Or by phone at +48 538 569 538.  <\/li>\n<\/ol>\n\n<ol start=\"3\" class=\"wp-block-list\">\n<li><strong>Within 14 days of notifying us of the return, send the returned goods at your expense to the following address: TrueBond Sp. z o.o., 73B Chorzowska St., 40-101 Katowice. Attach the return form to the package, you can for example fill out this one   &lt;&lt;link_to_form&gt;&gt;.  <\/strong><\/li>\n<\/ol>\n\n<ol start=\"4\" class=\"wp-block-list\">\n<li>We will refund your money within 14 days of your cancellation. We may withhold the refund until we receive the product or proof of return from you.   <\/li>\n<\/ol>\n\n<ol start=\"5\" class=\"wp-block-list\">\n<li>Some Products are not returnable, e.g. <strong>Products sold in sealed packages after opening, which cannot be returned for health or hygiene reasons, are not returnable if they have been unsealed by the Customer<\/strong>. A return may also be refused by Us if it turns out that the products have been stored incorrectly, which has affected their properties. <\/li>\n<\/ol>\n\n<p>  8.  <strong>Remember to pack the goods in a safe way to protect them from damage in transit.  <\/strong>We will be pleased if you use the original product security.<strong> <\/strong><\/p>\n\n<p><strong>Want to learn more about our returns procedure? Read our Returns Policy in its full version, which you can find in our Terms and Conditions.   <\/strong><\/p>\n\n<p><strong>If you have any questions, write to our email address &#8211; we will certainly help you.  <\/strong><\/p>\n\n<h2 class=\"wp-block-heading\"><strong>How to make a complaint in our store?<\/strong><\/h2>\n\n<ol class=\"wp-block-list\">\n<li><strong>Reklamacja mo\u017ce zosta\u0107 z\u0142o\u017cona przez Klienta na przyk\u0142ad:&nbsp;<\/strong>\n<ol class=\"wp-block-list\">\n<li>In writing to the address: TrueBond Sp. z o.o., 73B Chorzowska St., 40-101 Katowice;    <\/li>\n\n\n\n<li>in electronic form to: bok@truebond.co;<\/li>\n\n\n\n<li>Or by phone at +48 538 569 538.  <\/li>\n<\/ol>\n<\/li>\n<\/ol>\n\n<p>We encourage you to use our <formularza reklamacji=\"\">.  <\/formularza><\/p>\n\n<ol start=\"2\" class=\"wp-block-list\">\n<li>If you prepare the complaint letter yourself, it is recommended that the customer specify in the description of the complaint:\n<ol class=\"wp-block-list\">\n<li>order number;<\/li>\n\n\n\n<li>information and circumstances regarding the circumstances of the complaint, in particular, the date of disclosure of non-conformity of the goods with the contract (defect);<\/li>\n\n\n\n<li>the desired method of resolving the complaint: replacement or repair;<\/li>\n\n\n\n<li>or when these forms are impossible or too burdensome to implement in accordance with the content of the Law on Consumer Rights: complaint return or price reduction;<\/li>\n\n\n\n<li>Contact information of the complainant;<\/li>\n\n\n\n<li>address where you can possibly pick up the goods &#8211; this will make it easier and faster for us to process the complaint.  <\/li>\n<\/ol>\n<\/li>\n<\/ol>\n\n<ol start=\"3\" class=\"wp-block-list\">\n<li>We will respond to your complaint as soon as possible, no later than 14 days from the date of receipt.<\/li>\n<\/ol>\n\n<p><strong>Want to learn more about the complaint procedure? Check out our <a href=\"https:\/\/truebond.co\/regulamin\/\" data-type=\"page\" data-id=\"11\">Terms and Conditions<\/a>.   <\/strong><\/p>\n\n<div style=\"height:100px\" aria-hidden=\"true\" class=\"wp-block-spacer\"><\/div>\n","protected":false},"excerpt":{"rendered":"<p>Did you not like the products you ordered? No problem, in our store you have 14 to cancel the contract. How to make a return in a few, simple steps? 8. Remember to pack the goods in a safe way to protect them from damage in transit. We will be pleased if you use the [&hellip;]<\/p>\n","protected":false},"author":9,"featured_media":0,"parent":0,"menu_order":0,"comment_status":"closed","ping_status":"closed","template":"","meta":{"_acf_changed":false,"footnotes":""},"class_list":["post-3560","page","type-page","status-publish","hentry"],"acf":[],"_links":{"self":[{"href":"https:\/\/truebond.co\/en\/wp-json\/wp\/v2\/pages\/3560","targetHints":{"allow":["GET"]}}],"collection":[{"href":"https:\/\/truebond.co\/en\/wp-json\/wp\/v2\/pages"}],"about":[{"href":"https:\/\/truebond.co\/en\/wp-json\/wp\/v2\/types\/page"}],"author":[{"embeddable":true,"href":"https:\/\/truebond.co\/en\/wp-json\/wp\/v2\/users\/9"}],"replies":[{"embeddable":true,"href":"https:\/\/truebond.co\/en\/wp-json\/wp\/v2\/comments?post=3560"}],"version-history":[{"count":1,"href":"https:\/\/truebond.co\/en\/wp-json\/wp\/v2\/pages\/3560\/revisions"}],"predecessor-version":[{"id":3562,"href":"https:\/\/truebond.co\/en\/wp-json\/wp\/v2\/pages\/3560\/revisions\/3562"}],"wp:attachment":[{"href":"https:\/\/truebond.co\/en\/wp-json\/wp\/v2\/media?parent=3560"}],"curies":[{"name":"wp","href":"https:\/\/api.w.org\/{rel}","templated":true}]}}