{"id":3539,"date":"2024-11-22T10:14:59","date_gmt":"2024-11-22T10:14:59","guid":{"rendered":"https:\/\/truebond.co\/hips-joints-care-chews\/"},"modified":"2025-10-27T06:57:45","modified_gmt":"2025-10-27T06:57:45","slug":"hips-joints-care-chews","status":"publish","type":"product","link":"https:\/\/truebond.co\/de\/hips-joints-care-chews\/","title":{"rendered":"Erg\u00e4nzungsmittel f\u00fcr Gelenke und Beweglichkeit"},"content":{"rendered":"<div id='klaviyo-featured-reviews-carousel'><\/div><section class=\"the__benefits\" id=\"the_block_3a2e1391e19f160cca97acb68689e7ce\" ><div class=\"the__benefits__header\"><h2>Jede Menge Vorteile in jeder Geschmacksrichtung<\/h2><div class=\"the__benefits__header__desc\"><p>Unser Spezialistenteam w\u00e4hlt sorgf\u00e4ltig Zutaten aus, die die Gesundheit Ihres Tieres optimal unterst\u00fctzen.<\/p>\n<\/div><div class=\"btn-secondary-container\"><button class=\"btn-secondary\" popovertarget=\"el_the_block_3a2e1391e19f160cca97acb68689e7ce\">Vollst\u00e4ndige Liste der Zutaten<\/button><\/div><div class=\"popover\" id=\"el_the_block_3a2e1391e19f160cca97acb68689e7ce\" popover>\n                            <div class=\"popover__inner\">\n                            <button class=\"close-btn\" popovertarget=\"el_the_block_3a2e1391e19f160cca97acb68689e7ce\" popovertargetaction=\"hide\"><span aria-hidden=\"true\">\u00d7<\/span><span class=\"sr-only\">Close<\/span><\/button>\n                            <h2>Aktive Inhaltsstoffe<\/h2>\n<ul>\n<li>Glucosamin 225 mg<\/li>\n<li>Neuseel\u00e4ndische Gr\u00fcnlippmuschel 150 mg<\/li>\n<li>Chondroitin-Sulfat 100 mg<\/li>\n<li>Methylsulfonylmethan (MSM) 100 mg<\/li>\n<li>Kollagen vom Rind 50 mg<\/li>\n<li>Kurkuma-Extrakt 10 mg<\/li>\n<li>Vitamin C 10 mg<\/li>\n<\/ul>\n\n                            <\/div>\n                    <\/div><\/div><div class=\"the__benefits__list\"><div class=\"the__benefits__item\"><button class=\"open\"><\/button><figure class=\"image\"><img loading=\"lazy\" decoding=\"async\" width=\"975\" height=\"540\" src=\"https:\/\/truebond.co\/wp-content\/uploads\/2024\/11\/truebond-ing-image-005.png\" class=\"attachment-large size-large\" alt=\"\" srcset=\"https:\/\/truebond.co\/wp-content\/uploads\/2024\/11\/truebond-ing-image-005.png 975w, https:\/\/truebond.co\/wp-content\/uploads\/2024\/11\/truebond-ing-image-005-300x166.png 300w, https:\/\/truebond.co\/wp-content\/uploads\/2024\/11\/truebond-ing-image-005-768x425.png 768w, https:\/\/truebond.co\/wp-content\/uploads\/2024\/11\/truebond-ing-image-005-200x111.png 200w\" sizes=\"auto, (max-width: 975px) 100vw, 975px\" \/><\/figure><div class=\"the__benefits__item__desc\"><h4><strong>Glucosamin<\/strong>Gesunde Knochen und Knorpel<\/h4><p class=\"the__benefits__item__desc__short\">Glucosamin ist ein nat\u00fcrlicher Aminozucker, der ein wichtiger Bestandteil der Gelenksynovia und des Knorpels ist. Bei Hunden unterst\u00fctzt Glucosamin die Regenerationsprozesse der Gelenke, was besonders bei \u00e4lteren Hunden oder solchen mit Gelenkproblemen wichtig ist. <\/p><div class=\"the__benefits__item__desc__long\">\n                            <h4><strong>Glucosamin<\/strong>Gesunde Knochen und Knorpel<\/h4>\n                            <p class=\"the__benefits__item__desc__short\">Glucosamin ist ein nat\u00fcrlicher Aminozucker, der ein wichtiger Bestandteil der Gelenksynovia und des Knorpels ist. Bei Hunden unterst\u00fctzt Glucosamin die Regenerationsprozesse der Gelenke, was besonders bei \u00e4lteren Hunden oder solchen mit Gelenkproblemen wichtig ist. <\/p>\n                            <p>Zahlreiche Studien haben gezeigt, dass Glucosamin bei Hunden mit Osteoarthrose Schmerzen lindern und die Gelenkfunktion verbessern kann. Es wirkt, indem es die Synthese von Proteoglykanen f\u00f6rdert, die f\u00fcr die Wiederherstellung des Knorpels unerl\u00e4sslich sind. <\/p>\n\n                            <\/div><\/div><\/div><div class=\"the__benefits__item\"><button class=\"open\"><\/button><figure class=\"image\"><img loading=\"lazy\" decoding=\"async\" width=\"975\" height=\"540\" src=\"https:\/\/truebond.co\/wp-content\/uploads\/2024\/11\/truebond-ing-image-008.png\" class=\"attachment-large size-large\" alt=\"\" srcset=\"https:\/\/truebond.co\/wp-content\/uploads\/2024\/11\/truebond-ing-image-008.png 975w, https:\/\/truebond.co\/wp-content\/uploads\/2024\/11\/truebond-ing-image-008-300x166.png 300w, https:\/\/truebond.co\/wp-content\/uploads\/2024\/11\/truebond-ing-image-008-768x425.png 768w, https:\/\/truebond.co\/wp-content\/uploads\/2024\/11\/truebond-ing-image-008-200x111.png 200w\" sizes=\"auto, (max-width: 975px) 100vw, 975px\" \/><\/figure><div class=\"the__benefits__item__desc\"><h4><strong>Chondroitin<\/strong>Flexible Gelenke<\/h4><p class=\"the__benefits__item__desc__short\">Chondroitin ist eine nat\u00fcrlich vorkommende Substanz im Knorpel, die dazu beitr\u00e4gt, dessen Struktur und Funktion zu erhalten. Es wird in Nahrungserg\u00e4nzungsmitteln f\u00fcr Hunde h\u00e4ufig in Kombination mit Glucosamin verwendet. <\/p><div class=\"the__benefits__item__desc__long\">\n                            <h4><strong>Chondroitin<\/strong>Flexible Gelenke<\/h4>\n                            <p class=\"the__benefits__item__desc__short\">Chondroitin ist eine nat\u00fcrlich vorkommende Substanz im Knorpel, die dazu beitr\u00e4gt, dessen Struktur und Funktion zu erhalten. Es wird in Nahrungserg\u00e4nzungsmitteln f\u00fcr Hunde h\u00e4ufig in Kombination mit Glucosamin verwendet. <\/p>\n                            <p>Forschungsergebnisse deuten darauf hin, dass Chondroitin bei Hunden, die an degenerativen Gelenkerkrankungen leiden, Schmerzen lindern und die Beweglichkeit der Gelenke verbessern kann. Au\u00dferdem hilft es, den Knorpelabbau zu verlangsamen. <\/p>\n\n                            <\/div><\/div><\/div><div class=\"the__benefits__item\"><button class=\"open\"><\/button><figure class=\"image\"><img loading=\"lazy\" decoding=\"async\" width=\"975\" height=\"540\" src=\"https:\/\/truebond.co\/wp-content\/uploads\/2024\/11\/truebond-ing-image-006.png\" class=\"attachment-large size-large\" alt=\"\" srcset=\"https:\/\/truebond.co\/wp-content\/uploads\/2024\/11\/truebond-ing-image-006.png 975w, https:\/\/truebond.co\/wp-content\/uploads\/2024\/11\/truebond-ing-image-006-300x166.png 300w, https:\/\/truebond.co\/wp-content\/uploads\/2024\/11\/truebond-ing-image-006-768x425.png 768w, https:\/\/truebond.co\/wp-content\/uploads\/2024\/11\/truebond-ing-image-006-200x111.png 200w\" sizes=\"auto, (max-width: 975px) 100vw, 975px\" \/><\/figure><div class=\"the__benefits__item__desc\"><h4><strong>MSM<\/strong>Verbesserte Mobilit\u00e4t<\/h4><p class=\"the__benefits__item__desc__short\">MSM ist eine organische Schwefelverbindung, die nat\u00fcrlich in einigen Pflanzen und Tieren vorkommt. Es wirkt als nat\u00fcrliches Analgetikum und entz\u00fcndungshemmend. <\/p><div class=\"the__benefits__item__desc__long\">\n                            <h4><strong>MSM<\/strong>Verbesserte Mobilit\u00e4t<\/h4>\n                            <p class=\"the__benefits__item__desc__short\">MSM ist eine organische Schwefelverbindung, die nat\u00fcrlich in einigen Pflanzen und Tieren vorkommt. Es wirkt als nat\u00fcrliches Analgetikum und entz\u00fcndungshemmend. <\/p>\n                            <p>Studien haben gezeigt, dass MSM bei Hunden mit Gelenkerkrankungen Gelenkschmerzen lindern und die motorischen Funktionen verbessern kann. Es wirkt, indem es Entz\u00fcndungen und Schmerzen reduziert. <\/p>\n\n                            <\/div><\/div><\/div><div class=\"the__benefits__item\"><button class=\"open\"><\/button><figure class=\"image\"><img loading=\"lazy\" decoding=\"async\" width=\"975\" height=\"540\" src=\"https:\/\/truebond.co\/wp-content\/uploads\/2024\/11\/truebond-ing-image-007.png\" class=\"attachment-large size-large\" alt=\"\" srcset=\"https:\/\/truebond.co\/wp-content\/uploads\/2024\/11\/truebond-ing-image-007.png 975w, https:\/\/truebond.co\/wp-content\/uploads\/2024\/11\/truebond-ing-image-007-300x166.png 300w, https:\/\/truebond.co\/wp-content\/uploads\/2024\/11\/truebond-ing-image-007-768x425.png 768w, https:\/\/truebond.co\/wp-content\/uploads\/2024\/11\/truebond-ing-image-007-200x111.png 200w\" sizes=\"auto, (max-width: 975px) 100vw, 975px\" \/><\/figure><div class=\"the__benefits__item__desc\"><h4><strong>Gr\u00fcnlippmuschel &#8211; Neuseel\u00e4ndische Muschel<\/strong>Reduziert Schmerzen und Entz\u00fcndungen<\/h4><p class=\"the__benefits__item__desc__short\">Gr\u00fcnlippmuschel-Extrakt ist reich an Omega-3-Fetts\u00e4uren und Glykosaminoglykanen, die f\u00fcr die Gesundheit der Gelenke von Vorteil sind<\/p><div class=\"the__benefits__item__desc__long\">\n                            <h4><strong>Gr\u00fcnlippmuschel &#8211; Neuseel\u00e4ndische Muschel<\/strong>Reduziert Schmerzen und Entz\u00fcndungen<\/h4>\n                            <p class=\"the__benefits__item__desc__short\">Gr\u00fcnlippmuschel-Extrakt ist reich an Omega-3-Fetts\u00e4uren und Glykosaminoglykanen, die f\u00fcr die Gesundheit der Gelenke von Vorteil sind<\/p>\n                            <p>Die Forschung zeigt, dass die Gr\u00fcnlippmuschel Schmerzen und Entz\u00fcndungen in den Gelenken lindern und die Regeneration der Gelenke f\u00f6rdern kann<\/p>\n\n                            <\/div><\/div><\/div><\/div><\/section><\/div><section class=\"the__comparison\" id=\"the_block_2f7c5b7f3add920700e76d353fabb219\"><div class=\"container\"><div class=\"the__comparison_container\"><div class=\"the__comparison_info\"><h2><img loading=\"lazy\" decoding=\"async\" width=\"236\" height=\"210\" class=\"alignnone size-full wp-image-993\" style=\"max-width: 150px;\" src=\"https:\/\/truebond.co\/wp-content\/uploads\/2025\/04\/img-06.png\" alt=\"\" srcset=\"https:\/\/truebond.co\/wp-content\/uploads\/2025\/04\/img-06.png 236w, https:\/\/truebond.co\/wp-content\/uploads\/2025\/04\/img-06-200x178.png 200w\" sizes=\"auto, (max-width: 236px) 100vw, 236px\" \/><\/h2>\n<h2>Premium-Erg\u00e4nzung<br \/>\n<\/h2>\n<p><strong style=\"text-transform: uppercase;\">Tabletten tauschen<\/strong><br \/>\n<strong style=\"text-transform: uppercase;\">f\u00fcr praktische Geschmacksrichtungen<\/strong><\/p>\n<\/div><div class=\"the__comparison_tabel\"><div class=\"the__comparison_th\"><div class=\"the__comparison_td the__comparison_td--text\"><\/div><div class=\"the__comparison_td the__comparison_td--uss\"><img loading=\"lazy\" decoding=\"async\" width=\"252\" height=\"82\" src=\"https:\/\/truebond.co\/wp-content\/uploads\/2025\/04\/truebond-logo-1.svg\" class=\"attachment-full size-full\" alt=\"\" \/><\/div><div class=\"the__comparison_td the__comparison_td--other\">ANDERE<\/div><\/div><div class=\"the__comparison_tr\"><div class=\"the__comparison_td the__comparison_td--text\"><p>Effektive Aufnahme der Wirkstoffe<\/p><\/div><div class=\"the__comparison_td the__comparison_td--uss\"><svg width=\"26\" height=\"26\" viewBox=\"0 0 26 26\" fill=\"none\" xmlns=\"http:\/\/www.w3.org\/2000\/svg\"><rect width=\"26\" height=\"26\" rx=\"13\" fill=\"#389A80\"\/><path fill-rule=\"evenodd\" clip-rule=\"evenodd\" d=\"M10.8492 16.9361L20.0493 7.7998L21.4492 9.18997L10.8492 19.7165L5.19922 14.1057L6.59909 12.7155L10.8492 16.9361Z\" fill=\"white\"\/><\/svg><\/div><div class=\"the__comparison_td the__comparison_td--other\"><svg width=\"26\" height=\"26\" viewBox=\"0 0 26 26\" fill=\"none\" xmlns=\"http:\/\/www.w3.org\/2000\/svg\"><rect width=\"26\" height=\"26\" rx=\"13\" fill=\"#389A80\"\/><path fill-rule=\"evenodd\" clip-rule=\"evenodd\" d=\"M10.8492 16.9361L20.0493 7.7998L21.4492 9.18997L10.8492 19.7165L5.19922 14.1057L6.59909 12.7155L10.8492 16.9361Z\" fill=\"white\"\/><\/svg><\/div><\/div><div class=\"the__comparison_tr\"><div class=\"the__comparison_td the__comparison_td--text\"><p>Bequeme Dosierung<\/p><\/div><div class=\"the__comparison_td the__comparison_td--uss\"><svg width=\"26\" height=\"26\" viewBox=\"0 0 26 26\" fill=\"none\" xmlns=\"http:\/\/www.w3.org\/2000\/svg\"><rect width=\"26\" height=\"26\" rx=\"13\" fill=\"#389A80\"\/><path fill-rule=\"evenodd\" clip-rule=\"evenodd\" d=\"M10.8492 16.9361L20.0493 7.7998L21.4492 9.18997L10.8492 19.7165L5.19922 14.1057L6.59909 12.7155L10.8492 16.9361Z\" fill=\"white\"\/><\/svg><\/div><div class=\"the__comparison_td the__comparison_td--other\"><svg width=\"24\" height=\"24\" viewBox=\"0 0 24 24\" fill=\"none\" xmlns=\"http:\/\/www.w3.org\/2000\/svg\"><rect x=\"0.5\" y=\"0.5\" width=\"23\" height=\"23\" rx=\"11.5\" stroke=\"#121111\" stroke-opacity=\"0.2\"\/><\/svg><\/div><\/div><div class=\"the__comparison_tr\"><div class=\"the__comparison_td the__comparison_td--text\"><p>Attraktiver Geschmack f\u00fcr das Haustier<\/p><\/div><div class=\"the__comparison_td the__comparison_td--uss\"><svg width=\"26\" height=\"26\" viewBox=\"0 0 26 26\" fill=\"none\" xmlns=\"http:\/\/www.w3.org\/2000\/svg\"><rect width=\"26\" height=\"26\" rx=\"13\" fill=\"#389A80\"\/><path fill-rule=\"evenodd\" clip-rule=\"evenodd\" d=\"M10.8492 16.9361L20.0493 7.7998L21.4492 9.18997L10.8492 19.7165L5.19922 14.1057L6.59909 12.7155L10.8492 16.9361Z\" fill=\"white\"\/><\/svg><\/div><div class=\"the__comparison_td the__comparison_td--other\"><svg width=\"24\" height=\"24\" viewBox=\"0 0 24 24\" fill=\"none\" xmlns=\"http:\/\/www.w3.org\/2000\/svg\"><rect x=\"0.5\" y=\"0.5\" width=\"23\" height=\"23\" rx=\"11.5\" stroke=\"#121111\" stroke-opacity=\"0.2\"\/><\/svg><\/div><\/div><div class=\"the__comparison_tr\"><div class=\"the__comparison_td the__comparison_td--text\"><p>Stressfreie Verwaltung f\u00fcr Tier und Betreuer<\/p><\/div><div class=\"the__comparison_td the__comparison_td--uss\"><svg width=\"26\" height=\"26\" viewBox=\"0 0 26 26\" fill=\"none\" xmlns=\"http:\/\/www.w3.org\/2000\/svg\"><rect width=\"26\" height=\"26\" rx=\"13\" fill=\"#389A80\"\/><path fill-rule=\"evenodd\" clip-rule=\"evenodd\" d=\"M10.8492 16.9361L20.0493 7.7998L21.4492 9.18997L10.8492 19.7165L5.19922 14.1057L6.59909 12.7155L10.8492 16.9361Z\" fill=\"white\"\/><\/svg><\/div><div class=\"the__comparison_td the__comparison_td--other\"><svg width=\"24\" height=\"24\" viewBox=\"0 0 24 24\" fill=\"none\" xmlns=\"http:\/\/www.w3.org\/2000\/svg\"><rect x=\"0.5\" y=\"0.5\" width=\"23\" height=\"23\" rx=\"11.5\" stroke=\"#121111\" stroke-opacity=\"0.2\"\/><\/svg><\/div><\/div><div class=\"the__comparison_tr\"><div class=\"the__comparison_td the__comparison_td--text\"><p>Ohne unn\u00f6tige Zusatzstoffe<\/p><\/div><div class=\"the__comparison_td the__comparison_td--uss\"><svg width=\"26\" height=\"26\" viewBox=\"0 0 26 26\" fill=\"none\" xmlns=\"http:\/\/www.w3.org\/2000\/svg\"><rect width=\"26\" height=\"26\" rx=\"13\" fill=\"#389A80\"\/><path fill-rule=\"evenodd\" clip-rule=\"evenodd\" d=\"M10.8492 16.9361L20.0493 7.7998L21.4492 9.18997L10.8492 19.7165L5.19922 14.1057L6.59909 12.7155L10.8492 16.9361Z\" fill=\"white\"\/><\/svg><\/div><div class=\"the__comparison_td the__comparison_td--other\"><svg width=\"24\" height=\"24\" viewBox=\"0 0 24 24\" fill=\"none\" xmlns=\"http:\/\/www.w3.org\/2000\/svg\"><rect x=\"0.5\" y=\"0.5\" width=\"23\" height=\"23\" rx=\"11.5\" stroke=\"#121111\" stroke-opacity=\"0.2\"\/><\/svg><\/div><\/div><div class=\"the__comparison_tr\"><div class=\"the__comparison_td the__comparison_td--text\"><p>Ideal als leckere Belohnung<\/p><\/div><div class=\"the__comparison_td the__comparison_td--uss\"><svg width=\"26\" height=\"26\" viewBox=\"0 0 26 26\" fill=\"none\" xmlns=\"http:\/\/www.w3.org\/2000\/svg\"><rect width=\"26\" height=\"26\" rx=\"13\" fill=\"#389A80\"\/><path fill-rule=\"evenodd\" clip-rule=\"evenodd\" d=\"M10.8492 16.9361L20.0493 7.7998L21.4492 9.18997L10.8492 19.7165L5.19922 14.1057L6.59909 12.7155L10.8492 16.9361Z\" fill=\"white\"\/><\/svg><\/div><div class=\"the__comparison_td the__comparison_td--other\"><svg width=\"24\" height=\"24\" viewBox=\"0 0 24 24\" fill=\"none\" xmlns=\"http:\/\/www.w3.org\/2000\/svg\"><rect x=\"0.5\" y=\"0.5\" width=\"23\" height=\"23\" rx=\"11.5\" stroke=\"#121111\" stroke-opacity=\"0.2\"\/><\/svg><\/div><\/div><\/div><\/div><\/div><\/section><div class=\"container\"><section class=\"the__bigImageDescription container\" id=\"the_block_31db4b111cd4b3c44a114deecf02356e\" ><div class=\"the__bigImageDescription_container the__bigImageDescription_type--img_description\" style=\"background:\"><div class=\"the__bigImageDescription_image\"><img loading=\"lazy\" decoding=\"async\" width=\"840\" height=\"840\" src=\"https:\/\/truebond.co\/wp-content\/uploads\/2024\/11\/img-07-1.png\" class=\"attachment-full size-full\" alt=\"\" srcset=\"https:\/\/truebond.co\/wp-content\/uploads\/2024\/11\/img-07-1.png 840w, https:\/\/truebond.co\/wp-content\/uploads\/2024\/11\/img-07-1-720x720.png 720w, https:\/\/truebond.co\/wp-content\/uploads\/2024\/11\/img-07-1-768x768.png 768w, https:\/\/truebond.co\/wp-content\/uploads\/2024\/11\/img-07-1-200x200.png 200w, https:\/\/truebond.co\/wp-content\/uploads\/2024\/11\/img-07-1-100x100.png 100w\" sizes=\"auto, (max-width: 840px) 100vw, 840px\" \/><\/div><div class=\"the__bigImageDescription_content\"><div class=\"the__bigImageDescription_description\"><p style=\"text-transform: uppercase; color: #173264; padding-bottom: 15px;\"><b>Zeichen, die darauf hindeuten, dass  <\/b><\/p>\n<h2>Ihr Hund braucht Unterst\u00fctzung bei der Mobilit\u00e4t<\/h2>\n<ul>\n<li>Steifheit der Gelenke<\/li>\n<li>Eingeschr\u00e4nkte Mobilit\u00e4t<\/li>\n<li>Schmerzen bei Bewegung<\/li>\n<li>Schwierigkeiten beim Aufstehen<\/li>\n<li>Schnellere Erm\u00fcdung<\/li>\n<li>Abneigung gegen den Sprung<\/li>\n<\/ul>\n<\/div><\/div><\/div><\/section><section class=\"the__bigImageDescription container\" id=\"the_block_6482f921e6ebf90300158e2283326c7c\" ><div class=\"the__bigImageDescription_container the__bigImageDescription_type--beschreibung_img\" style=\"background:\"><div class=\"the__bigImageDescription_image\"><img loading=\"lazy\" decoding=\"async\" width=\"1160\" height=\"1160\" src=\"https:\/\/truebond.co\/wp-content\/uploads\/2025\/04\/img-04.png\" class=\"attachment-full size-full\" alt=\"\" srcset=\"https:\/\/truebond.co\/wp-content\/uploads\/2025\/04\/img-04.png 1160w, https:\/\/truebond.co\/wp-content\/uploads\/2025\/04\/img-04-1080x1080.png 1080w, https:\/\/truebond.co\/wp-content\/uploads\/2025\/04\/img-04-720x720.png 720w, https:\/\/truebond.co\/wp-content\/uploads\/2025\/04\/img-04-768x768.png 768w, https:\/\/truebond.co\/wp-content\/uploads\/2025\/04\/img-04-200x200.png 200w, https:\/\/truebond.co\/wp-content\/uploads\/2025\/04\/img-04-100x100.png 100w\" sizes=\"auto, (max-width: 1160px) 100vw, 1160px\" \/><\/div><div class=\"the__bigImageDescription_content\"><div class=\"the__bigImageDescription_description\"><p style=\"text-transform: uppercase; color: #173264; padding-bottom: 15px;\"><b>h\u00fcften &amp; gelenke pflege kauen<\/b><\/p>\n<h2>Wichtigste Vorteile<\/h2>\n<ol>\n<li>St\u00e4rkt Gelenke und Knorpel<\/li>\n<li>Reduziert Entz\u00fcndungen<\/li>\n<li>Verbessert die Mobilit\u00e4t<\/li>\n<li>Erh\u00f6ht die Flexibilit\u00e4t der Gelenke<\/li>\n<\/ol>\n<\/div><\/div><\/div><\/section><section class=\"the__bigNumber container\" id=\"the_block_32a304f8f7e76ab17cc0968c182586cb\" ><div class=\"the__bigNumber_container the__bigNumber_type--img_description\" style=\"background:#e5efff\"><div class=\"the__bigNumber_image\"><img loading=\"lazy\" decoding=\"async\" width=\"660\" height=\"520\" src=\"https:\/\/truebond.co\/wp-content\/uploads\/2024\/11\/img-08.png\" class=\"attachment-full size-full\" alt=\"\" srcset=\"https:\/\/truebond.co\/wp-content\/uploads\/2024\/11\/img-08.png 660w, https:\/\/truebond.co\/wp-content\/uploads\/2024\/11\/img-08-200x158.png 200w\" sizes=\"auto, (max-width: 660px) 100vw, 660px\" \/><\/div><div class=\"the__bigNumber_content\"><div class=\"the__bigNumber_description\"><h2 style=\"color: #306AD1;\">*90%<\/h2>\n<p style=\"color: #07224A;\">Die Befragten bemerken einen deutlichen Unterschied in der Fitness und Aktivit\u00e4t ihres Hundes im Laufe des Tages.<\/p>\n<h6 style=\"color: #07224A;\">*Basierend auf einer E-Mail-Umfrage unter den Kunden der Marke Truebond.<\/h6>\n<\/div><\/div><\/div><\/section><section class=\"the__bigImageDescription container\" id=\"the_block_6ea180fc370758908fcafba3956607fc\" ><div class=\"the__bigImageDescription_container the__bigImageDescription_type--img_description\" style=\"background:#e5efff\"><div class=\"the__bigImageDescription_image\"><img loading=\"lazy\" decoding=\"async\" width=\"884\" height=\"720\" src=\"https:\/\/truebond.co\/wp-content\/uploads\/2025\/04\/img-05.png\" class=\"attachment-full size-full\" alt=\"\" srcset=\"https:\/\/truebond.co\/wp-content\/uploads\/2025\/04\/img-05.png 884w, https:\/\/truebond.co\/wp-content\/uploads\/2025\/04\/img-05-768x626.png 768w, https:\/\/truebond.co\/wp-content\/uploads\/2025\/04\/img-05-200x163.png 200w\" sizes=\"auto, (max-width: 884px) 100vw, 884px\" \/><\/div><div class=\"the__bigImageDescription_content\"><div class=\"the__bigImageDescription_description\"><h3><span style=\"color: #35373e;\">Melden Sie sich f\u00fcr den Newsletter an<\/span><\/h3>\n<p><span style=\"color: #35373e;\">Verpassen Sie keine Sonderangebote und erhalten Sie zus\u00e4tzliche Rabatte auf Ihre Bestellungen!<\/span><\/p>\n<div class=\"klaviyo-form-WX6EUC\"><\/div>\n<\/div><\/div><\/div><\/section>","protected":false},"excerpt":{"rendered":"<ul>\n<li>Verbessert die Mobilit\u00e4t und den Wohnkomfort<\/li>\n<li>Unterst\u00fctzt die Gesundheit der Gelenke<\/li>\n<li>F\u00fcr Hunde jeden Alters<\/li>\n<\/ul>\n","protected":false},"featured_media":3239,"template":"","meta":{"_acf_changed":false},"product_brand":[],"product_cat":[32],"product_tag":[],"class_list":{"0":"post-3539","1":"product","2":"type-product","3":"status-publish","4":"has-post-thumbnail","6":"product_cat-funktionelle-leckereien","8":"first","9":"instock","10":"taxable","11":"shipping-taxable","12":"purchasable","13":"product-type-simple"},"acf":[],"_links":{"self":[{"href":"https:\/\/truebond.co\/de\/wp-json\/wp\/v2\/product\/3539","targetHints":{"allow":["GET"]}}],"collection":[{"href":"https:\/\/truebond.co\/de\/wp-json\/wp\/v2\/product"}],"about":[{"href":"https:\/\/truebond.co\/de\/wp-json\/wp\/v2\/types\/product"}],"wp:featuredmedia":[{"embeddable":true,"href":"https:\/\/truebond.co\/de\/wp-json\/wp\/v2\/media\/3239"}],"wp:attachment":[{"href":"https:\/\/truebond.co\/de\/wp-json\/wp\/v2\/media?parent=3539"}],"wp:term":[{"taxonomy":"product_brand","embeddable":true,"href":"https:\/\/truebond.co\/de\/wp-json\/wp\/v2\/product_brand?post=3539"},{"taxonomy":"product_cat","embeddable":true,"href":"https:\/\/truebond.co\/de\/wp-json\/wp\/v2\/product_cat?post=3539"},{"taxonomy":"product_tag","embeddable":true,"href":"https:\/\/truebond.co\/de\/wp-json\/wp\/v2\/product_tag?post=3539"}],"curies":[{"name":"wp","href":"https:\/\/api.w.org\/{rel}","templated":true}]}}