{"id":3538,"date":"2024-11-28T11:06:48","date_gmt":"2024-11-28T11:06:48","guid":{"rendered":"https:\/\/truebond.co\/pre-pro-postbiotic-chews\/"},"modified":"2025-10-27T07:02:00","modified_gmt":"2025-10-27T07:02:00","slug":"pre-pro-postbiotic-chews","status":"publish","type":"product","link":"https:\/\/truebond.co\/de\/pre-pro-postbiotic-chews\/","title":{"rendered":"Erg\u00e4nzung mit Pr\u00e4-, Pro- und Postbiotika"},"content":{"rendered":"<div id='klaviyo-featured-reviews-carousel'><\/div><section class=\"the__benefits\" id=\"the_block_6c733864df38dabf9c8357c3a2e77bcb\" ><div class=\"the__benefits__header\"><h2>Jede Menge Vorteile in jeder Geschmacksrichtung<\/h2><div class=\"the__benefits__header__desc\"><p>Unser Spezialistenteam w\u00e4hlt sorgf\u00e4ltig Zutaten aus, die die Gesundheit Ihres Tieres optimal unterst\u00fctzen.<\/p>\n<\/div><div class=\"btn-secondary-container\"><button class=\"btn-secondary\" popovertarget=\"el_the_block_6c733864df38dabf9c8357c3a2e77bcb\">Vollst\u00e4ndige Liste der Zutaten<\/button><\/div><div class=\"popover\" id=\"el_the_block_6c733864df38dabf9c8357c3a2e77bcb\" popover>\n                            <div class=\"popover__inner\">\n                            <button class=\"close-btn\" popovertarget=\"el_the_block_6c733864df38dabf9c8357c3a2e77bcb\" popovertargetaction=\"hide\"><span aria-hidden=\"true\">\u00d7<\/span><span class=\"sr-only\">Close<\/span><\/button>\n                            <h2>Aktive Inhaltsstoffe<\/h2>\n<ul>\n<li>Getrockneter gemahlener K\u00fcrbis <b>211 mg<\/b><\/li>\n<li>Flohsamen <b>150 mg<\/b><\/li>\n<li>Probiotika (Oralin\u00ae) <b>4 \u00d7 10\u2079 KBE<\/b><\/li>\n<li>Chicor\u00e9e-Inulin <b>75 mg<\/b><\/li>\n<li>Postbiotikum EpiCor\u00ae <b>75 mg<\/b><\/li>\n<\/ul>\n\n                            <\/div>\n                    <\/div><\/div><div class=\"the__benefits__list\"><div class=\"the__benefits__item\"><button class=\"open\"><\/button><figure class=\"image\"><img loading=\"lazy\" decoding=\"async\" width=\"975\" height=\"541\" src=\"https:\/\/truebond.co\/wp-content\/uploads\/2024\/11\/truebond-ing-image-004.png\" class=\"attachment-large size-large\" alt=\"\" srcset=\"https:\/\/truebond.co\/wp-content\/uploads\/2024\/11\/truebond-ing-image-004.png 975w, https:\/\/truebond.co\/wp-content\/uploads\/2024\/11\/truebond-ing-image-004-300x166.png 300w, https:\/\/truebond.co\/wp-content\/uploads\/2024\/11\/truebond-ing-image-004-768x426.png 768w, https:\/\/truebond.co\/wp-content\/uploads\/2024\/11\/truebond-ing-image-004-200x111.png 200w\" sizes=\"auto, (max-width: 975px) 100vw, 975px\" \/><\/figure><div class=\"the__benefits__item__desc\"><h4><strong>Epicor\u00ae.<\/strong>Unterst\u00fctzt die Immunit\u00e4t<\/h4><p class=\"the__benefits__item__desc__short\">Es ist ein Produkt aus der Gruppe der Postibiotika, bei denen es sich um nicht lebende Mikroorganismen oder Bestandteile von Mikroorganismen handelt und die eine positive Wirkung auf die Gesundheit haben. Epicor entsteht durch einen nat\u00fcrlichen Fermentationsprozess und seine wichtigsten Eigenschaften sind seine Unterst\u00fctzung des Immunsystems und seine antioxidative Wirkung. <\/p><div class=\"the__benefits__item__desc__long\">\n                            <h4><strong>Epicor\u00ae.<\/strong>Unterst\u00fctzt die Immunit\u00e4t<\/h4>\n                            <p class=\"the__benefits__item__desc__short\">Es ist ein Produkt aus der Gruppe der Postibiotika, bei denen es sich um nicht lebende Mikroorganismen oder Bestandteile von Mikroorganismen handelt und die eine positive Wirkung auf die Gesundheit haben. Epicor entsteht durch einen nat\u00fcrlichen Fermentationsprozess und seine wichtigsten Eigenschaften sind seine Unterst\u00fctzung des Immunsystems und seine antioxidative Wirkung. <\/p>\n                            <p>Nat\u00fcrlich &#8211; EpiCor Pets gilt als nat\u00fcrlicher Inhaltsstoff gem\u00e4\u00df der Definition der AAFCO.<br \/>\nHochkonzentrierter Inhaltsstoff &#8211; EpiCor Pets wird nur in kleinen Mengen ben\u00f6tigt und eignet sich gut f\u00fcr Erg\u00e4nzungsfuttermittel.<br \/>\nEingebaute Flexibilit\u00e4t &#8211; EpiCor Pets wird nicht aus Getreide hergestellt. Es enth\u00e4lt keine Mais-, Weizen- oder Sojaprodukte.<br \/>\nNachgewiesene Funktionalit\u00e4t &#8211; Wir verwenden nur kontrollierte wissenschaftliche Studien, um die Funktionalit\u00e4t des Produkts zu best\u00e4tigen.<br \/>\nProduktstabilit\u00e4t &#8211; Die Wirksamkeit der Wirkstoffe in EpiCor Pets wird nicht durch extreme Temperaturen, pH-Werte oder typische Herstellungsverfahren f\u00fcr Nahrungserg\u00e4nzungsmittel f\u00fcr Haustiere, wie z.B. Extrusion, beeintr\u00e4chtigt.<br \/>\nGleichbleibende Qualit\u00e4t &#8211; EpiCor Pets wird nur aus qualitativ hochwertigen, zuverl\u00e4ssigen und \u00fcberpr\u00fcften Inhaltsstoffen hergestellt, um die Produktkonsistenz zu gew\u00e4hrleisten. <\/p>\n\n                            <\/div><\/div><\/div><div class=\"the__benefits__item\"><figure class=\"image\"><img loading=\"lazy\" decoding=\"async\" width=\"650\" height=\"360\" src=\"https:\/\/truebond.co\/wp-content\/uploads\/2024\/11\/image-truebond-011.png\" class=\"attachment-large size-large\" alt=\"\" srcset=\"https:\/\/truebond.co\/wp-content\/uploads\/2024\/11\/image-truebond-011.png 650w, https:\/\/truebond.co\/wp-content\/uploads\/2024\/11\/image-truebond-011-300x166.png 300w, https:\/\/truebond.co\/wp-content\/uploads\/2024\/11\/image-truebond-011-200x111.png 200w\" sizes=\"auto, (max-width: 650px) 100vw, 650px\" \/><\/figure><div class=\"the__benefits__item__desc\"><h4><strong>Oralin\u00ae.<\/strong>Stabilisiert die bakterielle Flora im Darm<\/h4><p class=\"the__benefits__item__desc__short\">Die Anwesenheit von Enterococcus faecium senkt durch die Produktion von Milchs\u00e4ure im Magen-Darm-Trakt den pH-Wert im Darm und stabilisiert so die physiologische Bakterienflora, die den Darm besiedelt. Dar\u00fcber hinaus reduziert es die Anzahl der pathogenen Bakterien. Enterococcus faecium ist Teil der nat\u00fcrlich vorkommenden Bakterienflora bei Hunden und Katzen.  <\/p><\/div><\/div><div class=\"the__benefits__item\"><figure class=\"image\"><img loading=\"lazy\" decoding=\"async\" width=\"976\" height=\"539\" src=\"https:\/\/truebond.co\/wp-content\/uploads\/2024\/11\/truebond-ing-image-001.png\" class=\"attachment-large size-large\" alt=\"\" srcset=\"https:\/\/truebond.co\/wp-content\/uploads\/2024\/11\/truebond-ing-image-001.png 976w, https:\/\/truebond.co\/wp-content\/uploads\/2024\/11\/truebond-ing-image-001-300x166.png 300w, https:\/\/truebond.co\/wp-content\/uploads\/2024\/11\/truebond-ing-image-001-768x424.png 768w, https:\/\/truebond.co\/wp-content\/uploads\/2024\/11\/truebond-ing-image-001-200x110.png 200w\" sizes=\"auto, (max-width: 976px) 100vw, 976px\" \/><\/figure><div class=\"the__benefits__item__desc\"><h4><strong>Fructooligosaccharide (FOS) und Mannooligosaccharide (MOS)<\/strong>Stimuliert das Wachstum von physiologischen Bakterien<\/h4><p class=\"the__benefits__item__desc__short\">Stimuliert das Wachstum von n\u00fctzlichen Bakterien im Verdauungstrakt, was zu einem verbesserten mikrobiologischen Gleichgewicht beitr\u00e4gt. Hilft bei der Regulierung der gastrointestinalen Motilit\u00e4t und verbessert die Mineralstoffaufnahme. Die unterst\u00fctzende Wirkung auf die Flora schl\u00e4gt sich direkt in einer verbesserten Immunit\u00e4t nieder  <\/p><\/div><\/div><div class=\"the__benefits__item\"><figure class=\"image\"><img loading=\"lazy\" decoding=\"async\" width=\"975\" height=\"540\" src=\"https:\/\/truebond.co\/wp-content\/uploads\/2024\/11\/truebond-ing-image-007.png\" class=\"attachment-large size-large\" alt=\"\" srcset=\"https:\/\/truebond.co\/wp-content\/uploads\/2024\/11\/truebond-ing-image-007.png 975w, https:\/\/truebond.co\/wp-content\/uploads\/2024\/11\/truebond-ing-image-007-300x166.png 300w, https:\/\/truebond.co\/wp-content\/uploads\/2024\/11\/truebond-ing-image-007-768x425.png 768w, https:\/\/truebond.co\/wp-content\/uploads\/2024\/11\/truebond-ing-image-007-200x111.png 200w\" sizes=\"auto, (max-width: 975px) 100vw, 975px\" \/><\/figure><div class=\"the__benefits__item__desc\"><h4><strong>Inulin &#8211; (L\u00f6slicher Ballaststoff der Zichorienwurzel, 90% Fruktane)<\/strong>Nat\u00fcrliches Polysaccharid<\/h4><p class=\"the__benefits__item__desc__short\">Inulin ist ein nat\u00fcrliches Polysaccharid, das zur Gruppe der Ballaststoffe geh\u00f6rt. Es besteht haupts\u00e4chlich aus Fruktose und seine Quellen sind Pflanzen wie Zichorie, Topinambur, Knoblauch und Zwiebeln. Inulin ist resistent gegen Verdauungsenzyme, was bedeutet, dass es im oberen Verdauungstrakt nicht verdaut wird und in den Dickdarm gelangt, wo es von Darmbakterien fermentiert wird  <\/p><\/div><\/div><\/div><\/section><\/div><section class=\"the__comparison\" id=\"the_block_b4aab2ff503b063a580d81cce056cd62\"><div class=\"container\"><div class=\"the__comparison_container\"><div class=\"the__comparison_info\"><h2><img loading=\"lazy\" decoding=\"async\" width=\"236\" height=\"210\" class=\"alignnone size-full wp-image-993\" style=\"max-width: 150px;\" src=\"https:\/\/truebond.co\/wp-content\/uploads\/2025\/04\/img-06.png\" alt=\"\" srcset=\"https:\/\/truebond.co\/wp-content\/uploads\/2025\/04\/img-06.png 236w, https:\/\/truebond.co\/wp-content\/uploads\/2025\/04\/img-06-200x178.png 200w\" sizes=\"auto, (max-width: 236px) 100vw, 236px\" \/><\/h2>\n<h2>Premium-Erg\u00e4nzung<br \/>\n<\/h2>\n<p><strong style=\"text-transform: uppercase;\">Tabletten tauschen<\/strong><br \/>\n<strong style=\"text-transform: uppercase;\">f\u00fcr praktische Geschmacksrichtungen<\/strong><\/p>\n<\/div><div class=\"the__comparison_tabel\"><div class=\"the__comparison_th\"><div class=\"the__comparison_td the__comparison_td--text\"><\/div><div class=\"the__comparison_td the__comparison_td--uss\"><img loading=\"lazy\" decoding=\"async\" width=\"252\" height=\"82\" src=\"https:\/\/truebond.co\/wp-content\/uploads\/2025\/04\/truebond-logo-1.svg\" class=\"attachment-full size-full\" alt=\"\" \/><\/div><div class=\"the__comparison_td the__comparison_td--other\">ANDERE<\/div><\/div><div class=\"the__comparison_tr\"><div class=\"the__comparison_td the__comparison_td--text\"><p>Effektive Aufnahme der Wirkstoffe<\/p><\/div><div class=\"the__comparison_td the__comparison_td--uss\"><svg width=\"26\" height=\"26\" viewBox=\"0 0 26 26\" fill=\"none\" xmlns=\"http:\/\/www.w3.org\/2000\/svg\"><rect width=\"26\" height=\"26\" rx=\"13\" fill=\"#389A80\"\/><path fill-rule=\"evenodd\" clip-rule=\"evenodd\" d=\"M10.8492 16.9361L20.0493 7.7998L21.4492 9.18997L10.8492 19.7165L5.19922 14.1057L6.59909 12.7155L10.8492 16.9361Z\" fill=\"white\"\/><\/svg><\/div><div class=\"the__comparison_td the__comparison_td--other\"><svg width=\"26\" height=\"26\" viewBox=\"0 0 26 26\" fill=\"none\" xmlns=\"http:\/\/www.w3.org\/2000\/svg\"><rect width=\"26\" height=\"26\" rx=\"13\" fill=\"#389A80\"\/><path fill-rule=\"evenodd\" clip-rule=\"evenodd\" d=\"M10.8492 16.9361L20.0493 7.7998L21.4492 9.18997L10.8492 19.7165L5.19922 14.1057L6.59909 12.7155L10.8492 16.9361Z\" fill=\"white\"\/><\/svg><\/div><\/div><div class=\"the__comparison_tr\"><div class=\"the__comparison_td the__comparison_td--text\"><p>Bequeme Dosierung<\/p><\/div><div class=\"the__comparison_td the__comparison_td--uss\"><svg width=\"26\" height=\"26\" viewBox=\"0 0 26 26\" fill=\"none\" xmlns=\"http:\/\/www.w3.org\/2000\/svg\"><rect width=\"26\" height=\"26\" rx=\"13\" fill=\"#389A80\"\/><path fill-rule=\"evenodd\" clip-rule=\"evenodd\" d=\"M10.8492 16.9361L20.0493 7.7998L21.4492 9.18997L10.8492 19.7165L5.19922 14.1057L6.59909 12.7155L10.8492 16.9361Z\" fill=\"white\"\/><\/svg><\/div><div class=\"the__comparison_td the__comparison_td--other\"><svg width=\"24\" height=\"24\" viewBox=\"0 0 24 24\" fill=\"none\" xmlns=\"http:\/\/www.w3.org\/2000\/svg\"><rect x=\"0.5\" y=\"0.5\" width=\"23\" height=\"23\" rx=\"11.5\" stroke=\"#121111\" stroke-opacity=\"0.2\"\/><\/svg><\/div><\/div><div class=\"the__comparison_tr\"><div class=\"the__comparison_td the__comparison_td--text\"><p>Attraktiver Geschmack f\u00fcr das Haustier<\/p><\/div><div class=\"the__comparison_td the__comparison_td--uss\"><svg width=\"26\" height=\"26\" viewBox=\"0 0 26 26\" fill=\"none\" xmlns=\"http:\/\/www.w3.org\/2000\/svg\"><rect width=\"26\" height=\"26\" rx=\"13\" fill=\"#389A80\"\/><path fill-rule=\"evenodd\" clip-rule=\"evenodd\" d=\"M10.8492 16.9361L20.0493 7.7998L21.4492 9.18997L10.8492 19.7165L5.19922 14.1057L6.59909 12.7155L10.8492 16.9361Z\" fill=\"white\"\/><\/svg><\/div><div class=\"the__comparison_td the__comparison_td--other\"><svg width=\"24\" height=\"24\" viewBox=\"0 0 24 24\" fill=\"none\" xmlns=\"http:\/\/www.w3.org\/2000\/svg\"><rect x=\"0.5\" y=\"0.5\" width=\"23\" height=\"23\" rx=\"11.5\" stroke=\"#121111\" stroke-opacity=\"0.2\"\/><\/svg><\/div><\/div><div class=\"the__comparison_tr\"><div class=\"the__comparison_td the__comparison_td--text\"><p>Stressfreie Verwaltung f\u00fcr Tier und Betreuer<\/p><\/div><div class=\"the__comparison_td the__comparison_td--uss\"><svg width=\"26\" height=\"26\" viewBox=\"0 0 26 26\" fill=\"none\" xmlns=\"http:\/\/www.w3.org\/2000\/svg\"><rect width=\"26\" height=\"26\" rx=\"13\" fill=\"#389A80\"\/><path fill-rule=\"evenodd\" clip-rule=\"evenodd\" d=\"M10.8492 16.9361L20.0493 7.7998L21.4492 9.18997L10.8492 19.7165L5.19922 14.1057L6.59909 12.7155L10.8492 16.9361Z\" fill=\"white\"\/><\/svg><\/div><div class=\"the__comparison_td the__comparison_td--other\"><svg width=\"24\" height=\"24\" viewBox=\"0 0 24 24\" fill=\"none\" xmlns=\"http:\/\/www.w3.org\/2000\/svg\"><rect x=\"0.5\" y=\"0.5\" width=\"23\" height=\"23\" rx=\"11.5\" stroke=\"#121111\" stroke-opacity=\"0.2\"\/><\/svg><\/div><\/div><div class=\"the__comparison_tr\"><div class=\"the__comparison_td the__comparison_td--text\"><p>Ohne unn\u00f6tige Zusatzstoffe<\/p><\/div><div class=\"the__comparison_td the__comparison_td--uss\"><svg width=\"26\" height=\"26\" viewBox=\"0 0 26 26\" fill=\"none\" xmlns=\"http:\/\/www.w3.org\/2000\/svg\"><rect width=\"26\" height=\"26\" rx=\"13\" fill=\"#389A80\"\/><path fill-rule=\"evenodd\" clip-rule=\"evenodd\" d=\"M10.8492 16.9361L20.0493 7.7998L21.4492 9.18997L10.8492 19.7165L5.19922 14.1057L6.59909 12.7155L10.8492 16.9361Z\" fill=\"white\"\/><\/svg><\/div><div class=\"the__comparison_td the__comparison_td--other\"><svg width=\"24\" height=\"24\" viewBox=\"0 0 24 24\" fill=\"none\" xmlns=\"http:\/\/www.w3.org\/2000\/svg\"><rect x=\"0.5\" y=\"0.5\" width=\"23\" height=\"23\" rx=\"11.5\" stroke=\"#121111\" stroke-opacity=\"0.2\"\/><\/svg><\/div><\/div><div class=\"the__comparison_tr\"><div class=\"the__comparison_td the__comparison_td--text\"><p>Ideal als leckere Belohnung<\/p><\/div><div class=\"the__comparison_td the__comparison_td--uss\"><svg width=\"26\" height=\"26\" viewBox=\"0 0 26 26\" fill=\"none\" xmlns=\"http:\/\/www.w3.org\/2000\/svg\"><rect width=\"26\" height=\"26\" rx=\"13\" fill=\"#389A80\"\/><path fill-rule=\"evenodd\" clip-rule=\"evenodd\" d=\"M10.8492 16.9361L20.0493 7.7998L21.4492 9.18997L10.8492 19.7165L5.19922 14.1057L6.59909 12.7155L10.8492 16.9361Z\" fill=\"white\"\/><\/svg><\/div><div class=\"the__comparison_td the__comparison_td--other\"><svg width=\"24\" height=\"24\" viewBox=\"0 0 24 24\" fill=\"none\" xmlns=\"http:\/\/www.w3.org\/2000\/svg\"><rect x=\"0.5\" y=\"0.5\" width=\"23\" height=\"23\" rx=\"11.5\" stroke=\"#121111\" stroke-opacity=\"0.2\"\/><\/svg><\/div><\/div><\/div><\/div><\/div><\/section><div class=\"container\"><section class=\"the__bigImageDescription container\" id=\"the_block_9e66d59da1d1708bbc6c53f051cee381\" ><div class=\"the__bigImageDescription_container the__bigImageDescription_type--img_description\" style=\"background:\"><div class=\"the__bigImageDescription_image\"><img loading=\"lazy\" decoding=\"async\" width=\"840\" height=\"840\" src=\"https:\/\/truebond.co\/wp-content\/uploads\/2024\/11\/img-07-1.png\" class=\"attachment-full size-full\" alt=\"\" srcset=\"https:\/\/truebond.co\/wp-content\/uploads\/2024\/11\/img-07-1.png 840w, https:\/\/truebond.co\/wp-content\/uploads\/2024\/11\/img-07-1-720x720.png 720w, https:\/\/truebond.co\/wp-content\/uploads\/2024\/11\/img-07-1-768x768.png 768w, https:\/\/truebond.co\/wp-content\/uploads\/2024\/11\/img-07-1-200x200.png 200w, https:\/\/truebond.co\/wp-content\/uploads\/2024\/11\/img-07-1-100x100.png 100w\" sizes=\"auto, (max-width: 840px) 100vw, 840px\" \/><\/div><div class=\"the__bigImageDescription_content\"><div class=\"the__bigImageDescription_description\"><p style=\"text-transform: uppercase; color: #173264; padding-bottom: 15px;\"><b>Zeichen, die darauf hindeuten, dass  <\/b><\/p>\n<h2>Ihr Hund braucht probiotische Unterst\u00fctzung<\/h2>\n<ul>\n<li>Tr\u00e4nenflecken<\/li>\n<li>Sch\u00fctteln Sie den Kopf<\/li>\n<li>Saisonale Allergien<\/li>\n<li>Gelegentliche Verstopfung<\/li>\n<li>Gras fressen<\/li>\n<li>Kratzen<\/li>\n<\/ul>\n<\/div><\/div><\/div><\/section><section class=\"the__bigImageDescription container\" id=\"the_block_34047553487da7f2d7aceda387b1436a\" ><div class=\"the__bigImageDescription_container the__bigImageDescription_type--beschreibung_img\" style=\"background:\"><div class=\"the__bigImageDescription_image\"><img loading=\"lazy\" decoding=\"async\" width=\"1160\" height=\"1160\" src=\"https:\/\/truebond.co\/wp-content\/uploads\/2025\/04\/img-04.png\" class=\"attachment-full size-full\" alt=\"\" srcset=\"https:\/\/truebond.co\/wp-content\/uploads\/2025\/04\/img-04.png 1160w, https:\/\/truebond.co\/wp-content\/uploads\/2025\/04\/img-04-1080x1080.png 1080w, https:\/\/truebond.co\/wp-content\/uploads\/2025\/04\/img-04-720x720.png 720w, https:\/\/truebond.co\/wp-content\/uploads\/2025\/04\/img-04-768x768.png 768w, https:\/\/truebond.co\/wp-content\/uploads\/2025\/04\/img-04-200x200.png 200w, https:\/\/truebond.co\/wp-content\/uploads\/2025\/04\/img-04-100x100.png 100w\" sizes=\"auto, (max-width: 1160px) 100vw, 1160px\" \/><\/div><div class=\"the__bigImageDescription_content\"><div class=\"the__bigImageDescription_description\"><p style=\"text-transform: uppercase; color: #173264; padding-bottom: 15px;\"><b>Pre Pro &amp; Postbiotisch<\/b><\/p>\n<h2>Wichtigste Vorteile<\/h2>\n<ol>\n<li>Stabilisiert die baktrianische Flora<\/li>\n<li>Reguliert die Verdauungsprozesse<\/li>\n<li>Lindert den Juckreiz<\/li>\n<li>Unterst\u00fctzt das Immunsystem<\/li>\n<\/ol>\n<\/div><\/div><\/div><\/section><section class=\"the__bigNumber container\" id=\"the_block_79831ff24ef3caab0e4ff600157eee65\" ><div class=\"the__bigNumber_container the__bigNumber_type--img_description\" style=\"background:#e5efff\"><div class=\"the__bigNumber_image\"><img loading=\"lazy\" decoding=\"async\" width=\"650\" height=\"520\" src=\"https:\/\/truebond.co\/wp-content\/uploads\/2024\/11\/image-truebond-001.png\" class=\"attachment-full size-full\" alt=\"\" srcset=\"https:\/\/truebond.co\/wp-content\/uploads\/2024\/11\/image-truebond-001.png 650w, https:\/\/truebond.co\/wp-content\/uploads\/2024\/11\/image-truebond-001-300x240.png 300w, https:\/\/truebond.co\/wp-content\/uploads\/2024\/11\/image-truebond-001-200x160.png 200w\" sizes=\"auto, (max-width: 650px) 100vw, 650px\" \/><\/div><div class=\"the__bigNumber_content\"><div class=\"the__bigNumber_description\"><h2 style=\"color: #306ad1;\">*86%<\/h2>\n<p style=\"color: #07224a;\">Die Befragten bemerkten einen Unterschied bei ihrem Hund in Bereichen wie Verdauung, Stuhlgang, \u00fcberm\u00e4\u00dfiges Belecken, Allergien oder dem Drang, Gras zu fressen.<\/p>\n<h6 style=\"color: #07224a;\">*Basierend auf einer E-Mail-Umfrage unter den Kunden der Marke Truebond.<\/h6>\n<\/div><\/div><\/div><\/section><section class=\"the__bigImageDescription container\" id=\"the_block_b42eae9c444ee48bab8449893733829c\" ><div class=\"the__bigImageDescription_container the__bigImageDescription_type--img_description\" style=\"background:#e5efff\"><div class=\"the__bigImageDescription_image\"><img loading=\"lazy\" decoding=\"async\" width=\"884\" height=\"720\" src=\"https:\/\/truebond.co\/wp-content\/uploads\/2025\/04\/img-05.png\" class=\"attachment-full size-full\" alt=\"\" srcset=\"https:\/\/truebond.co\/wp-content\/uploads\/2025\/04\/img-05.png 884w, https:\/\/truebond.co\/wp-content\/uploads\/2025\/04\/img-05-768x626.png 768w, https:\/\/truebond.co\/wp-content\/uploads\/2025\/04\/img-05-200x163.png 200w\" sizes=\"auto, (max-width: 884px) 100vw, 884px\" \/><\/div><div class=\"the__bigImageDescription_content\"><div class=\"the__bigImageDescription_description\"><h3><span style=\"color: #35373e;\">Melden Sie sich f\u00fcr den Newsletter an<\/span><\/h3>\n<p><span style=\"color: #35373e;\">Verpassen Sie keine Sonderangebote und erhalten Sie zus\u00e4tzliche Rabatte auf Ihre Bestellungen!<\/span><\/p>\n<div class=\"klaviyo-form-WX6EUC\"><\/div>\n<\/div><\/div><\/div><\/section>","protected":false},"excerpt":{"rendered":"<ul>\n<li>unterst\u00fctzt das reibungslose Funktionieren des Darms<\/li>\n<li>bek\u00e4mpft intermittierenden Juckreiz<\/li>\n<li>verbessert die Funktion von Haut und Fell<\/li>\n<\/ul>\n","protected":false},"featured_media":3268,"template":"","meta":{"_acf_changed":false},"product_brand":[],"product_cat":[32],"product_tag":[],"class_list":{"0":"post-3538","1":"product","2":"type-product","3":"status-publish","4":"has-post-thumbnail","6":"product_cat-funktionelle-leckereien","8":"first","9":"instock","10":"sale","11":"taxable","12":"shipping-taxable","13":"purchasable","14":"product-type-simple"},"acf":[],"_links":{"self":[{"href":"https:\/\/truebond.co\/de\/wp-json\/wp\/v2\/product\/3538","targetHints":{"allow":["GET"]}}],"collection":[{"href":"https:\/\/truebond.co\/de\/wp-json\/wp\/v2\/product"}],"about":[{"href":"https:\/\/truebond.co\/de\/wp-json\/wp\/v2\/types\/product"}],"wp:featuredmedia":[{"embeddable":true,"href":"https:\/\/truebond.co\/de\/wp-json\/wp\/v2\/media\/3268"}],"wp:attachment":[{"href":"https:\/\/truebond.co\/de\/wp-json\/wp\/v2\/media?parent=3538"}],"wp:term":[{"taxonomy":"product_brand","embeddable":true,"href":"https:\/\/truebond.co\/de\/wp-json\/wp\/v2\/product_brand?post=3538"},{"taxonomy":"product_cat","embeddable":true,"href":"https:\/\/truebond.co\/de\/wp-json\/wp\/v2\/product_cat?post=3538"},{"taxonomy":"product_tag","embeddable":true,"href":"https:\/\/truebond.co\/de\/wp-json\/wp\/v2\/product_tag?post=3538"}],"curies":[{"name":"wp","href":"https:\/\/api.w.org\/{rel}","templated":true}]}}