{"id":3965,"date":"2025-10-13T12:24:53","date_gmt":"2025-10-13T12:24:53","guid":{"rendered":"https:\/\/truebond.co\/?page_id=3965"},"modified":"2025-10-13T12:24:56","modified_gmt":"2025-10-13T12:24:56","slug":"impressum","status":"publish","type":"page","link":"https:\/\/truebond.co\/de\/impressum\/","title":{"rendered":"Impressum"},"content":{"rendered":"\n<p><strong>Verk\u00e4ufer<\/strong>:<br><br><strong>Zoona.pl Sp. z o. o.<\/strong><br><strong>Ul. Chorzowska 73B<\/strong><br><strong>40-101 Katowice (Polen)<\/strong><br><strong>NIP: PL6343013382<\/strong><br><strong>KRS: 0000987265<\/strong><br><strong>REGON: 522849731<\/strong><br><strong>USt-IdNr: DE450853139<\/strong><\/p>\n\n\n\n<p>Eingetragen im Unternehmerregister des Landesgerichtsregisters unter der KRS-Nummer 0000987265; Registergericht, bei dem die Unterlagen der Gesellschaft gef\u00fchrt werden: Bezirksgericht Katowice \u2013 Wsch\u00f3d in Katowice, VIII. Wirtschaftsabteilung des Landesgerichtsregisters; Stammkapital von: 11.300 PLN. Vertreten durch Marcin Kukla \u2013 Vorsitzender der Gesch\u00e4ftsf\u00fchrung.<\/p>\n\n\n\n<p><strong>Kontaktinformationen:<br>E-mail: <\/strong><a href=\"mailto:hello@truebond.co\"><strong><a href=\"mailto:hello@truebond.co\">hello@truebond.co<\/a><\/strong><\/a><br><strong>+ 48 697297307<\/strong><\/p>\n\n\n\n<ol class=\"wp-block-list\">\n<li>Haftung:\n<ul class=\"wp-block-list\">\n<li>Als Diensteanbieter sind wir gem\u00e4\u00df \u00a7 7 Abs.1 TMG f\u00fcr eigene Inhalte auf diesen Seiten nach den allgemeinen Gesetzen verantwortlich. Nach \u00a7\u00a7 8 bis 10 TMG sind wir als Diensteanbieter jedoch nicht verpflichtet, \u00fcbermittelte oder gespeicherte fremde Informationen zu \u00fcberwachen oder nach Umst\u00e4nden zu forschen, die auf eine rechtswidrige T\u00e4tigkeit hinweisen. Verpflichtungen zur Entfernung von Informationen oder zur Sperrung der Nutzung von Informationen nach den allgemeinen Gesetzen aufgrund von gerichtlichen oder beh\u00f6rdlichen Anordnungen bleiben auch im Falle der Nichtverantwortlichkeit des Diensteanbieters nach den \u00a7\u00a7 8 bis 10 unber\u00fchrt.<\/li>\n\n\n\n<li>Unser Angebot enth\u00e4lt Links zu externen Webseiten Dritter, auf deren Inhalte wir keinen Einfluss haben. Deshalb k\u00f6nnen wir f\u00fcr diese fremden Inhalte auch keine Gew\u00e4hr \u00fcbernehmen. F\u00fcr die Inhalte der verlinkten Seiten ist stets der jeweilige Anbieter oder Betreiber der Seiten verantwortlich. Die verlinkten Seiten wurden zum Zeitpunkt der Verlinkung auf m\u00f6gliche Rechtsverst\u00f6\u00dfe \u00fcberpr\u00fcft. Bei Bekanntwerden von Rechtsverletzungen werden wir derartige Links umgehend entfernen.<\/li>\n<\/ul>\n<\/li>\n\n\n\n<li>Urheberrecht: Die Website und alle Inhalte (einschlie\u00dflich Grafiken, redaktionelle Inhalte, Dokumente) sind geistiges Eigentum von <strong>ZOONA<\/strong> und \/ oder Dritten. Die Website und ihre Inhalte sind durch geistige Eigentumsrechte gem\u00e4\u00df den geltenden Rechtsvorschriften gesch\u00fctzt. Nur die Anzeige der Website und Unterseiten sowie das Drucken auf Papier f\u00fcr den pers\u00f6nlichen Gebrauch des Kunden sind zul\u00e4ssig. Die vollst\u00e4ndige oder teilweise Reproduktion der Datenbank oder der Inhalte f\u00fcr andere Zwecke als rein pers\u00f6nlich f\u00fcr den Kunden, ist untersagt.<\/li>\n\n\n\n<li>Bei verbraucherrechtlichen Problemen k\u00f6nnen Sie auf der Website \u201eIhr Europa\u201c n\u00fctzliche Beratung finden.<br><a href=\"https:\/\/europa.eu\/youreurope\/citizens\/consumers\/\" target=\"_blank\" rel=\"noreferrer noopener\"><strong>https:\/\/europa.eu\/youreurope\/citizens\/consumers\/<\/strong><\/a><\/li>\n<\/ol>\n","protected":false},"excerpt":{"rendered":"<p>Verk\u00e4ufer: Zoona.pl Sp. z o. o.Ul. Chorzowska 73B40-101 Katowice (Polen)NIP: PL6343013382KRS: 0000987265REGON: 522849731USt-IdNr: DE450853139 Eingetragen im Unternehmerregister des Landesgerichtsregisters unter der KRS-Nummer 0000987265; Registergericht, bei dem die Unterlagen der Gesellschaft gef\u00fchrt werden: Bezirksgericht Katowice \u2013 Wsch\u00f3d in Katowice, VIII. Wirtschaftsabteilung des Landesgerichtsregisters; Stammkapital von: 11.300 PLN. Vertreten durch Marcin Kukla \u2013 Vorsitzender der Gesch\u00e4ftsf\u00fchrung. Kontaktinformationen:E-mail: [&hellip;]<\/p>\n","protected":false},"author":148,"featured_media":0,"parent":0,"menu_order":0,"comment_status":"closed","ping_status":"closed","template":"","meta":{"_acf_changed":false,"footnotes":""},"class_list":["post-3965","page","type-page","status-publish","hentry"],"acf":[],"_links":{"self":[{"href":"https:\/\/truebond.co\/de\/wp-json\/wp\/v2\/pages\/3965","targetHints":{"allow":["GET"]}}],"collection":[{"href":"https:\/\/truebond.co\/de\/wp-json\/wp\/v2\/pages"}],"about":[{"href":"https:\/\/truebond.co\/de\/wp-json\/wp\/v2\/types\/page"}],"author":[{"embeddable":true,"href":"https:\/\/truebond.co\/de\/wp-json\/wp\/v2\/users\/148"}],"replies":[{"embeddable":true,"href":"https:\/\/truebond.co\/de\/wp-json\/wp\/v2\/comments?post=3965"}],"version-history":[{"count":1,"href":"https:\/\/truebond.co\/de\/wp-json\/wp\/v2\/pages\/3965\/revisions"}],"predecessor-version":[{"id":3966,"href":"https:\/\/truebond.co\/de\/wp-json\/wp\/v2\/pages\/3965\/revisions\/3966"}],"wp:attachment":[{"href":"https:\/\/truebond.co\/de\/wp-json\/wp\/v2\/media?parent=3965"}],"curies":[{"name":"wp","href":"https:\/\/api.w.org\/{rel}","templated":true}]}}