{"id":3521,"date":"2024-11-21T09:16:56","date_gmt":"2024-11-21T09:16:56","guid":{"rendered":"https:\/\/truebond.co\/kontakt\/"},"modified":"2025-09-16T18:16:06","modified_gmt":"2025-09-16T18:16:06","slug":"kontakt","status":"publish","type":"page","link":"https:\/\/truebond.co\/de\/kontakt\/","title":{"rendered":"Kontakt"},"content":{"rendered":"\n<p>Unser Kundenservice steht Ihnen gerne zur Verf\u00fcgung und wird Ihre Anfrage so schnell wie m\u00f6glich beantworten.<\/p>\n\n<p>Sie k\u00f6nnen uns gerne kontaktieren:<\/p>\n\n<p><strong>E-Mail: <a href=\"mailto:info@zoona.pl\">hello@truebond.co<\/a><\/strong><\/p>\n\n<p><strong>\u00fcber den Chat: in der <\/strong>linken unteren Ecke der Seite<\/p>\n\n<p><strong>per Telefon: <\/strong>+48 538 569 538<\/p>\n\n<p><strong>Die Hotline und der Online-Chat sind von Montag bis Freitag von 8:00 bis 14:00 Uhr verf\u00fcgbar.<\/strong><\/p>\n\n<p><strong>Hinweis: <\/strong>Bitte halten Sie Ihre Bestellnummer bereit, damit wir Ihre Anfrage so schnell wie m\u00f6glich beantworten k\u00f6nnen.<br\/><em>Preis f\u00fcr Anrufe zum Betreiberpreis<\/em><\/p>\n\n<h1 class=\"wp-block-heading\">Shop-Daten<\/h1>\n\n<p>Der Online Shop wird betrieben von: TrueBond Sp. z o.o. mit Sitz in Kattowitz in der ul. Chorzowska 73B, 40-101 Katowice, eingetragen im Bezirksgericht Katowice-Wsch\u00f3d in Katowice, VIII. Wirtschaftsabteilung des Landesgerichtsregisters unter der KRS-Nummer: 0000817055, NIP: 6342972896, REGON: 38540677800000, BDO: 000544446, Stammkapital: 10.000 PLN (nachfolgend: Verk\u00e4ufer)<\/p>\n\n<p><strong>Gesetz \u00fcber digitale Dienste<\/strong><\/p>\n\n<p><strong>KONTAKTPUNKT<\/strong> &#8211; Der Dienstanbieter benennt die E-Mail Adresse <strong><a href=\"mailto:info@zoona.pl\">hello@truebond.co<\/a><\/strong> als zentrale Anlaufstelle. Die Kontaktstelle erm\u00f6glicht es dem Dienstanbieter, direkt mit den Beh\u00f6rden der Mitgliedstaaten, der Europ\u00e4ischen Kommission und dem Ausschuss f\u00fcr digitale Dienste zu kommunizieren, und erm\u00f6glicht es gleichzeitig den Empf\u00e4ngern des Dienstes (einschlie\u00dflich der Dienstleistungsempf\u00e4nger), direkt, schnell und auf benutzerfreundliche Weise mit dem Dienstanbieter elektronisch zu kommunizieren, um das Gesetz \u00fcber digitale Dienste anzuwenden. Der Dienstleister gibt die polnische Sprache und die englische Sprache f\u00fcr die Kommunikation mit seiner Kontaktstelle an.<\/p>\n\n<div style=\"height:100px\" aria-hidden=\"true\" class=\"wp-block-spacer\"><\/div>\n\n<p><\/p>\n\n<p><\/p>\n\n<p><\/p>\n","protected":false},"excerpt":{"rendered":"<p>Unser Kundenservice steht Ihnen gerne zur Verf\u00fcgung und wird Ihre Anfrage so schnell wie m\u00f6glich beantworten. Sie k\u00f6nnen uns gerne kontaktieren: E-Mail: hello@truebond.co \u00fcber den Chat: in der linken unteren Ecke der Seite per Telefon: +48 538 569 538 Die Hotline und der Online-Chat sind von Montag bis Freitag von 8:00 bis 14:00 Uhr verf\u00fcgbar. [&hellip;]<\/p>\n","protected":false},"author":9,"featured_media":0,"parent":0,"menu_order":0,"comment_status":"closed","ping_status":"closed","template":"","meta":{"_acf_changed":false,"footnotes":""},"class_list":["post-3521","page","type-page","status-publish","hentry"],"acf":[],"_links":{"self":[{"href":"https:\/\/truebond.co\/de\/wp-json\/wp\/v2\/pages\/3521","targetHints":{"allow":["GET"]}}],"collection":[{"href":"https:\/\/truebond.co\/de\/wp-json\/wp\/v2\/pages"}],"about":[{"href":"https:\/\/truebond.co\/de\/wp-json\/wp\/v2\/types\/page"}],"author":[{"embeddable":true,"href":"https:\/\/truebond.co\/de\/wp-json\/wp\/v2\/users\/9"}],"replies":[{"embeddable":true,"href":"https:\/\/truebond.co\/de\/wp-json\/wp\/v2\/comments?post=3521"}],"version-history":[{"count":1,"href":"https:\/\/truebond.co\/de\/wp-json\/wp\/v2\/pages\/3521\/revisions"}],"predecessor-version":[{"id":3522,"href":"https:\/\/truebond.co\/de\/wp-json\/wp\/v2\/pages\/3521\/revisions\/3522"}],"wp:attachment":[{"href":"https:\/\/truebond.co\/de\/wp-json\/wp\/v2\/media?parent=3521"}],"curies":[{"name":"wp","href":"https:\/\/api.w.org\/{rel}","templated":true}]}}